{"id":11062,"date":"2026-02-04T11:36:43","date_gmt":"2026-02-04T10:36:43","guid":{"rendered":"https:\/\/institutes.uek.krakow.pl\/gap\/?page_id=11062"},"modified":"2026-02-04T11:37:14","modified_gmt":"2026-02-04T10:37:14","slug":"wspolprace","status":"publish","type":"page","link":"https:\/\/institutes.uek.krakow.pl\/gap\/kolegium\/wspolprace\/","title":{"rendered":"Wsp\u00f3\u0142prace"},"content":{"rendered":"\n<h2 class=\"wp-block-heading\">Klasy patronackie<\/h2>\n\n\n\n<h3 class=\"wp-block-heading\"><strong>Warsztaty akademickie GAP w Twojej szkole<\/strong><\/h3>\n\n\n\n<p>Zapraszamy do skorzystania z naszego otwartego programu dla szk\u00f3\u0142 ponadgimnazjalnych, kt\u00f3ry prowadz\u0105 nasi najlepsi dydaktycy.<\/p>\n\n\n\n<p>Zdaj\u0105c sobie spraw\u0119 z tego jak napi\u0119te s\u0105 programy dydaktyczne, nie organizujemy spotka\u0144 &nbsp;informacyjnych. Wpisujemy si\u0119 w istniej\u0105cy program nauczania (np. w &nbsp;zaj\u0119cia z Podstaw przedsi\u0119biorczo\u015bci lub Wiedzy o spo\u0142ecze\u0144stwie) prowadz\u0105c nowoczesne zaj\u0119cia akademickie na jednej lub kilku lekcjach.<\/p>\n\n\n\n<p>Dzi\u0119ki r\u00f3\u017cnorodno\u015bci zainteresowa\u0144 naukowych naszych pracownik\u00f3w tematyka wyk\u0142ad\u00f3w i warsztat\u00f3w obejmuje zagadnienia z zakresu: ekonomii, filozofii, gospodarki przestrzennej, prawa, socjologii czy zarz\u0105dzania.<\/p>\n\n\n\n<p>Interesujemy si\u0119 &nbsp;najbardziej aktualn\u0105 problematyk\u0105 spo\u0142eczno-gospodarcz\u0105, dzi\u0119ki czemu mo\u017cemy zaproponowa\u0107 uczniom dyskusj\u0119 na temat np.: konieczno\u015bci ograniczania swob\u00f3d obywatelskich w obliczu zagro\u017ce\u0144 terroryzmem, czy roli pa\u0144stwa w rozwi\u0105zaniu problemu nierentownych kopalni lub sp\u0142aty kredyt\u00f3w zaci\u0105gni\u0119tych we frankach szwajcarskich lub propozycji w\u0142adz Krakowa wprowadzenia p\u0142atnego parkowania na terenie ca\u0142ego miasta. Nasi wyk\u0142adowcy cz\u0119sto komentuj\u0105 bie\u017c\u0105ce wydarzenia w mediach i gotowi byliby moderowa\u0107 dyskusj\u0119 uczni\u00f3w na wybrane tematy.<\/p>\n\n\n\n<p><strong>Patronat UEK w Liceum Og\u00f3lnokszta\u0142c\u0105cym w Piekarach<\/strong><\/p>\n\n\n\n<p>Wsp\u00f3\u0142praca pomi\u0119dzy nasz\u0105 Uczelni\u0105 a Liceum Og\u00f3lnokszta\u0142c\u0105cego im. Josephine Gebert w Centrum Edukacyjnym \u201eRadosna Nowina 2000\u201d w podkrakowskich Piekarach oficjalnie zapocz\u0105tkowana zosta\u0142a w pi\u0105tek 18 marca 2022 r.<\/p>\n\n\n\n<p>Uroczystego podpisania umowy patronackiej w murach Uniwersytetu Ekonomicznego w Krakowie dokonali: Rektor Uniwersytetu Ekonomicznego w Krakowie dr hab. Stanis\u0142aw Mazur, prof. UEK oraz Dyrektor Szko\u0142y ks. mgr Zygmunt Robert Berdychowski CM. Gospodarzy reprezentowali r\u00f3wnie\u017c dziekan Kolegium Gospodarki i Administracji Publicznej UEK dr hab. Marcin Zawicki, prof. UEK oraz Dyrektor Instytutu Politologii, Socjologii i Filozofii dr hab. Przemys\u0142aw Kisiel, prof. UEK.<\/p>\n\n\n\n<p>Patronat obj\u0105\u0142 klas\u0119 o profilu ekonomiczno-turystycznym w LO w Piekarach, realizuj\u0105cej program rozszerzonej matematyki, geografii i j\u0119zyka angielskiego. Zgodnie z podpisanym porozumieniem od roku szkolnego 2022\/2023 uruchomiony zostanie specjalny program edukacyjny przewidziany na czteroletni cykl kszta\u0142cenia, obejmuj\u0105cy 10 godzin dydaktycznych w roku szkolnym.<\/p>\n\n\n\n<p>Zaj\u0119cia wspieraj\u0105ce dydaktyk\u0119 prowadzone przez pracownik\u00f3w Instytutu Politologii, Socjologii i Filozofii dotyczy\u0107 b\u0119d\u0105 problematyki szeroko poj\u0119tego \u0142adu politycznego i spo\u0142eczno-ekonomicznego \u015bwiata.<\/p>\n\n\n\n<p>Umowa patronacka przewiduje organizacj\u0119 zaj\u0119\u0107 zar\u00f3wno na terenie Liceum, jak i na Uniwersytecie Ekonomicznym w Krakowie, w tym uczestnictwo uczni\u00f3w w aktywno\u015bci Ko\u0142a Nauk Politycznych \u201eHomo Politicus\u201d dzia\u0142aj\u0105cego przy Katedrze Nauk Politycznych.<\/p>\n\n\n\n<p>Udzia\u0142 w zaj\u0119ciach akademickich na UEK ma w za\u0142o\u017ceniu pom\u00f3c w rozwoju z interesuj\u0105cego licealist\u00f3w obszaru wiedzy, a tak\u017ce umo\u017cliwi\u0107 zapoznanie ich z charakterem i specyfik\u0105 zaj\u0119\u0107 na wy\u017cszej uczelni ekonomicznej.<\/p>\n\n\n\n<p>Zwie\u0144czeniem zaanga\u017cowania uczni\u00f3w LO w Piekarach we wsp\u00f3\u0142prac\u0119 z nasz\u0105 Uczelni\u0105 b\u0119dzie otrzymanie przez nich certyfikat\u00f3w uczestnictwa w programie.<\/p>\n\n\n\n<p><strong>Patronat UEK w IV Liceum Og\u00f3lnokszta\u0142c\u0105cym im. Tadeusza Ko\u015bciuszki w Krakowie<\/strong><\/p>\n\n\n\n<p>Umowa wsp\u00f3\u0142pracy z IV Liceum Og\u00f3lnokszta\u0142c\u0105cym im. Tadeusza Ko\u015bciuszki w Krakowie zosta\u0142a podpisana we wrze\u015bniu 2019 roku. Klasa zosta\u0142a obj\u0119ta patronatem Instytutu Gospodarki Przestrzennej i Studi\u00f3w Miejskich, Kolegium Gospodarki i Administracji Publicznej.&nbsp;<\/p>\n\n\n\n<p>Zaj\u0119cia dla uczni\u00f3w w formie wyk\u0142ad\u00f3w, warsztat\u00f3w i zaj\u0119\u0107 projektowych prowadz\u0105 pracownicy Instytutu Gospodarki Przestrzennej i Studi\u00f3w Miejskich UEK. Oferta skierowana jest dla uczni\u00f3w klas matematyczno-geograficznych z rozszerzonym j\u0119zykiem angielskim i obejmuje 30 godzin lekcyjnych podzielonych na bloki tematyczne:<\/p>\n\n\n\n<ol class=\"wp-block-list\">\n<li>geografia ekonomiczna,<\/li>\n\n\n\n<li>geoinformatyka,<\/li>\n\n\n\n<li>ekonomia,<\/li>\n\n\n\n<li>urbanistyka i planowanie przestrzenne,<\/li>\n\n\n\n<li>partycypacja spo\u0142eczna.<\/li>\n<\/ol>\n\n\n\n<p>W ramach programu uczniowie maj\u0105 okazj\u0119 zapozna\u0107 si\u0119 z najnowszymi technikami projektowania przestrzeni i przy ich u\u017cyciu stworzy\u0107 w\u0142asny projekt zagospodarowania wybranego obszaru. Ponadto, bior\u0105 udzia\u0142 w szkoleniu z wykorzystania oprogramowania GIS w analizie danych przestrzennych. Najbardziej zaanga\u017cowani uczestnicy mog\u0105 r\u00f3wnie\u017c wzi\u0105\u0107 udzia\u0142 w mi\u0119dzynarodowych warsztatach urbanistyczno-architektonicznych organizowanych przez Instytut Gospodarki Przestrzennej i Studi\u00f3w Miejskich UEK we wsp\u00f3\u0142pracy z Uniwersytetem w Grenoble oraz Uniwersytetem w Ljubljanie.<\/p>\n\n\n\n<p>Zaj\u0119cia odbywaj\u0105 si\u0119 w wi\u0119kszo\u015bci na terenie Kampusu UEK w specjalistycznych laboratoriach komputerowych. Po zako\u0144czonym cyklu dydaktycznym uczestnicy otrzymuj\u0105 certyfikaty potwierdzaj\u0105ce udzia\u0142 w kursie i osi\u0105gni\u0119te kompetencje.<\/p>\n\n\n\n<p><strong>Patronat UEK w I Liceum Og\u00f3lnokszta\u0142c\u0105cym im. B. Nowodworskiego w Krakowie<\/strong><\/p>\n\n\n\n<p>Program klasy patronackiej Instytutu Polityk Publicznych i Administracji Publicznej, Kolegium Gospodarki i Administracji Publicznej Uniwersytetu Ekonomicznego w Krakowie w I Liceum Og\u00f3lnokszta\u0142c\u0105cym im. B. Nowodworskiego w Krakowie zosta\u0142 utworzony na mocy porozumienia podpisanego mi\u0119dzy Szko\u0142\u0105 i Uczelni\u0105 w lipcu 2017 r. Program klasy patronackiej realizuje klasa II i III z rozszerzonym programem nauczania matematyki geografii i j\u0119zyka angielskiego. Zasadniczym elementem programu dydaktycznego jest realizowany przez wyk\u0142adowc\u00f3w UEK dwuletni kurs akademicki obejmuj\u0105cy wyk\u0142ady i konwersatoria w ramach czterech grup przedmiot\u00f3w:&nbsp;<\/p>\n\n\n\n<ol start=\"1\" class=\"wp-block-list\">\n<li>Pa\u0144stwo i administracja.<\/li>\n\n\n\n<li>Wprowadzenie do ekonomii sektora publicznego.<\/li>\n\n\n\n<li>Polityki publiczne.<\/li>\n\n\n\n<li>Zarz\u0105dzanie publiczne.\u00a0<\/li>\n<\/ol>\n\n\n\n<p>Zaj\u0119cia dydaktyczne odbywaj\u0105 si\u0119 z regu\u0142y na terenie kampusu UEK przy ul. Rakowickiej 16, gdzie obok zg\u0142\u0119biania tajnik\u00f3w nauk o polityce i administracji, ekonomii, zarz\u0105dzania i prawa, uczniowie zapoznaj\u0105 si\u0119 ze zwyczajami akademickimi, a tak\u017ce maj\u0105 okazj\u0119 korzysta\u0107 z zasob\u00f3w Biblioteki UEK oraz uczestniczy\u0107 w wa\u017cnych wydarzeniach naukowych organizowanych przez UEK (m.in.&nbsp;<em>Open Eyes Economy Summit<\/em>). Program klasy patronackiej ko\u0144czy si\u0119 uzyskaniem certyfikatu uko\u0144czenia kursu.&nbsp; Opiekunem klasy patronackiej ze strony UEK jest dr Tomasz Geodecki. W roku akademickim 2023\/2024 zaj\u0119cia z wyk\u0142adowcami naszej uczelni rozpocz\u0119\u0142a ju\u017c si\u00f3dma grupa Nowodworczyk\u00f3w.<\/p>\n","protected":false},"excerpt":{"rendered":"<p>Klasy patronackie Warsztaty akademickie GAP w Twojej szkole Zapraszamy do skorzystania z naszego otwartego programu dla szk\u00f3\u0142 ponadgimnazjalnych, kt\u00f3ry prowadz\u0105 nasi najlepsi dydaktycy. Zdaj\u0105c sobie spraw\u0119 z tego jak napi\u0119te s\u0105 programy dydaktyczne, nie organizujemy spotka\u0144 &nbsp;informacyjnych. Wpisujemy si\u0119 w istniej\u0105cy program nauczania (np. w &nbsp;zaj\u0119cia z Podstaw przedsi\u0119biorczo\u015bci lub Wiedzy o spo\u0142ecze\u0144stwie) prowadz\u0105c nowoczesne [&hellip;]<\/p>\n","protected":false},"author":1,"featured_media":0,"parent":229,"menu_order":0,"comment_status":"closed","ping_status":"closed","template":"templates\/page-blocks.php","meta":{"_acf_changed":false,"footnotes":""},"class_list":["post-11062","page","type-page","status-publish","hentry"],"acf":[],"_links":{"self":[{"href":"https:\/\/institutes.uek.krakow.pl\/gap\/wp-json\/wp\/v2\/pages\/11062","targetHints":{"allow":["GET"]}}],"collection":[{"href":"https:\/\/institutes.uek.krakow.pl\/gap\/wp-json\/wp\/v2\/pages"}],"about":[{"href":"https:\/\/institutes.uek.krakow.pl\/gap\/wp-json\/wp\/v2\/types\/page"}],"author":[{"embeddable":true,"href":"https:\/\/institutes.uek.krakow.pl\/gap\/wp-json\/wp\/v2\/users\/1"}],"replies":[{"embeddable":true,"href":"https:\/\/institutes.uek.krakow.pl\/gap\/wp-json\/wp\/v2\/comments?post=11062"}],"version-history":[{"count":1,"href":"https:\/\/institutes.uek.krakow.pl\/gap\/wp-json\/wp\/v2\/pages\/11062\/revisions"}],"predecessor-version":[{"id":11063,"href":"https:\/\/institutes.uek.krakow.pl\/gap\/wp-json\/wp\/v2\/pages\/11062\/revisions\/11063"}],"up":[{"embeddable":true,"href":"https:\/\/institutes.uek.krakow.pl\/gap\/wp-json\/wp\/v2\/pages\/229"}],"wp:attachment":[{"href":"https:\/\/institutes.uek.krakow.pl\/gap\/wp-json\/wp\/v2\/media?parent=11062"}],"curies":[{"name":"wp","href":"https:\/\/api.w.org\/{rel}","templated":true}]}}