{"id":229,"date":"2025-01-18T12:18:44","date_gmt":"2025-01-18T11:18:44","guid":{"rendered":"https:\/\/institutes.uek.krakow.pl\/gap-igpsm\/?page_id=229"},"modified":"2026-02-04T11:17:19","modified_gmt":"2026-02-04T10:17:19","slug":"kolegium","status":"publish","type":"page","link":"https:\/\/institutes.uek.krakow.pl\/gap\/kolegium\/","title":{"rendered":"Kolegium"},"content":{"rendered":"\n<p><strong>Kolegium Gospodarki i Administracji Publicznej Uniwersytetu Ekonomicznego w Krakowie<\/strong> zosta\u0142o utworzone w dniu 1 pa\u017adziernika 2019 r. w wyniku przekszta\u0142cenia Wydzia\u0142u Gospodarki i Administracji Publicznej, kt\u00f3re nast\u0105pi\u0142o w ramach reformy organizacyjno-funkcjonalnej Uniwersytetu.<\/p>\n\n\n\n<p>Kolegium zosta\u0142o powo\u0142ane w celu prowadzenia dzia\u0142alno\u015bci naukowej i dydaktycznej w dw\u00f3ch dyscyplinach naukowych \u2013 nauk o polityce i administracji oraz geografii spo\u0142eczno-ekonomicznej i gospodarki przestrzennej. Kolegium tworz\u0105 trzy instytuty, w sk\u0142ad kt\u00f3rych wchodzi 12 katedr.<\/p>\n\n\n\n<p><\/p>\n","protected":false},"excerpt":{"rendered":"<p>Kolegium Gospodarki i Administracji Publicznej Uniwersytetu Ekonomicznego w Krakowie zosta\u0142o utworzone w dniu 1 pa\u017adziernika 2019 r. w wyniku przekszta\u0142cenia Wydzia\u0142u Gospodarki i Administracji Publicznej, kt\u00f3re nast\u0105pi\u0142o w ramach reformy organizacyjno-funkcjonalnej Uniwersytetu. Kolegium zosta\u0142o powo\u0142ane w celu prowadzenia dzia\u0142alno\u015bci naukowej i dydaktycznej w dw\u00f3ch dyscyplinach naukowych \u2013 nauk o polityce i administracji oraz geografii spo\u0142eczno-ekonomicznej [&hellip;]<\/p>\n","protected":false},"author":1,"featured_media":0,"parent":0,"menu_order":0,"comment_status":"closed","ping_status":"closed","template":"templates\/page-blocks.php","meta":{"_acf_changed":false,"footnotes":""},"class_list":["post-229","page","type-page","status-publish","hentry"],"acf":[],"_links":{"self":[{"href":"https:\/\/institutes.uek.krakow.pl\/gap\/wp-json\/wp\/v2\/pages\/229","targetHints":{"allow":["GET"]}}],"collection":[{"href":"https:\/\/institutes.uek.krakow.pl\/gap\/wp-json\/wp\/v2\/pages"}],"about":[{"href":"https:\/\/institutes.uek.krakow.pl\/gap\/wp-json\/wp\/v2\/types\/page"}],"author":[{"embeddable":true,"href":"https:\/\/institutes.uek.krakow.pl\/gap\/wp-json\/wp\/v2\/users\/1"}],"replies":[{"embeddable":true,"href":"https:\/\/institutes.uek.krakow.pl\/gap\/wp-json\/wp\/v2\/comments?post=229"}],"version-history":[{"count":12,"href":"https:\/\/institutes.uek.krakow.pl\/gap\/wp-json\/wp\/v2\/pages\/229\/revisions"}],"predecessor-version":[{"id":11045,"href":"https:\/\/institutes.uek.krakow.pl\/gap\/wp-json\/wp\/v2\/pages\/229\/revisions\/11045"}],"wp:attachment":[{"href":"https:\/\/institutes.uek.krakow.pl\/gap\/wp-json\/wp\/v2\/media?parent=229"}],"curies":[{"name":"wp","href":"https:\/\/api.w.org\/{rel}","templated":true}]}}