{"id":695,"date":"2025-04-08T11:35:51","date_gmt":"2025-04-08T09:35:51","guid":{"rendered":"https:\/\/institutes.uek.krakow.pl\/kp\/?page_id=695"},"modified":"2025-11-21T11:49:59","modified_gmt":"2025-11-21T10:49:59","slug":"rada-kolegium","status":"publish","type":"page","link":"https:\/\/institutes.uek.krakow.pl\/gap\/kolegium\/rada-kolegium\/","title":{"rendered":"Rada Kolegium"},"content":{"rendered":"\n<h2 class=\"wp-block-heading\">Rada Kolegium stanowi cia\u0142o opiniodawczo-doradcze Dziekana w zakresie dzia\u0142alno\u015bci badawczej. Do kompetencji Rady Kolegium nale\u017cy w szczeg\u00f3lno\u015bci opiniowanie i doradzanie:<\/h2>\n\n\n\n<ul class=\"wp-block-list\">\n<li>w zakresie okre\u015blenia i realizacji polityki rozwoju dyscypliny lub dyscyplin naukowych dla kt\u00f3rych kolegium zosta\u0142o utworzone;<\/li>\n\n\n\n<li>w zakresie rozwoju kadry naukowej kolegium;<\/li>\n\n\n\n<li>w zakresie prawid\u0142owego przygotowania dyscypliny lub dyscyplin naukowych do ewaluacji;<\/li>\n\n\n\n<li>w innych sprawach wskazanych w Statucie lub przepisach prawa.<\/li>\n<\/ul>\n\n\n\n<p>W sk\u0142ad Rady Kolegium wchodzi Dziekan, Kierownicy Katedr funkcjonuj\u0105cych w ramach Kolegium oraz jeden przedstawiciel k\u00f3\u0142 naukowych student\u00f3w i jeden przedstawiciel doktorant\u00f3w wybrany przez samorz\u0105d doktorant\u00f3w. Posiedzenia Rady Kolegium zwo\u0142ywane s\u0105 przez Dziekana, kt\u00f3ry posiedzeniom tym przewodniczy.<\/p>\n\n\n\n<div style=\"height:50px\" aria-hidden=\"true\" class=\"wp-block-spacer\"><\/div>\n\n\n\n<h2 class=\"wp-block-heading has-keif-secondary-color has-text-color has-link-color wp-elements-bab4a676d47e1640db35876ea537043f\">W\u0142adze Kolegium&nbsp;<strong>Ekonomii i Finans\u00f3w<\/strong>&nbsp;:<\/h2>\n\n\n\n<ul class=\"wp-block-list\">\n<li><strong>Dziekan Kolegium Ekonomii i Finans\u00f3w<\/strong><br>dr hab. Konrad Grabi\u0144ski, prof. UEK<\/li>\n<\/ul>\n\n\n\n<div style=\"height:50px\" aria-hidden=\"true\" class=\"wp-block-spacer\"><\/div>\n\n\n\n<h2 class=\"wp-block-heading has-keif-secondary-color has-text-color has-link-color wp-elements-8b974baa85172484320fb935bc9d19ae\">Rada Kolegium&nbsp;<strong>Ekonomii i Finans\u00f3w<\/strong>&nbsp;:<\/h2>\n\n\n\n<p><strong>Dziekan Kolegium:<\/strong><\/p>\n\n\n\n<ul class=\"wp-block-list\">\n<li>dr hab. Konrad Grabi\u0144ski, prof. UEK<\/li>\n<\/ul>\n\n\n\n<p><strong>Cz\u0142onkowie:<\/strong><\/p>\n\n\n\n<ul class=\"wp-block-list\">\n<li>prof. dr hab. Krzysztof Firlej<\/li>\n\n\n\n<li>prof. dr hab. Ewa Miklaszewska<\/li>\n\n\n\n<li>prof. dr hab. Krzysztof Wach<\/li>\n\n\n\n<li>dr hab. Mariusz Andrzejewski, prof. UEK<\/li>\n\n\n\n<li>dr hab. Marcin Czupryna, prof. UEK<\/li>\n\n\n\n<li>dr hab. Marek D\u0105browski, prof. UEK<\/li>\n\n\n\n<li>dr hab. Joanna Garli\u0144ska-Bielawska, prof. UEK<\/li>\n\n\n\n<li>dr hab. Wojciech Giza, prof. UEK<\/li>\n\n\n\n<li>dr hab. \u0141ukasz Jab\u0142o\u0144ski, prof. UEK<\/li>\n\n\n\n<li>dr hab. Ma\u0142gorzata Ko\u017cuch, prof. UEK<\/li>\n\n\n\n<li>dr hab. El\u017cbieta Kubi\u0144ska, prof. UEK<\/li>\n\n\n\n<li>dr hab. Joanna Kude\u0142ko, prof. UEK<\/li>\n\n\n\n<li>dr hab. Bart\u0142omiej Marona, prof. UEK<\/li>\n\n\n\n<li>dr hab. Jerzy Marzec, prof. UEK<\/li>\n\n\n\n<li>dr hab. Anna Mo\u017adzierz, prof. UEK<\/li>\n\n\n\n<li>dr hab. Anna Pajor, prof. UEK<\/li>\n\n\n\n<li>dr hab. Barbara Pawe\u0142ek, prof. UEK<\/li>\n\n\n\n<li>dr hab. \u0141ukasz Pop\u0142awski, prof. UEK<\/li>\n\n\n\n<li>dr hab. Piotr Stanek, prof. UEK<\/li>\n\n\n\n<li>dr hab. Ewa \u015al\u0119zak-Belowska, prof. UEK<\/li>\n\n\n\n<li>dr hab. Maria Urbaniec, prof. UEK<\/li>\n\n\n\n<li>dr hab. Joanna Wyrobek, prof. UEK<\/li>\n<\/ul>\n\n\n\n<p><strong>Przedstawiciel doktorant\u00f3w:<\/strong><\/p>\n\n\n\n<ul class=\"wp-block-list\">\n<li>mgr Jakub Garncarz<\/li>\n<\/ul>\n\n\n\n<p><strong>Przedstawiciel K\u00f3\u0142 Naukowych Student\u00f3w:<\/strong><\/p>\n\n\n\n<ul class=\"wp-block-list\">\n<li>Marta Unger<\/li>\n<\/ul>\n\n\n\n<p><\/p>\n","protected":false},"excerpt":{"rendered":"<p>Rada Kolegium stanowi cia\u0142o opiniodawczo-doradcze Dziekana w zakresie dzia\u0142alno\u015bci badawczej. Do kompetencji Rady Kolegium nale\u017cy w szczeg\u00f3lno\u015bci opiniowanie i doradzanie: W sk\u0142ad Rady Kolegium wchodzi Dziekan, Kierownicy Katedr funkcjonuj\u0105cych w ramach Kolegium oraz jeden przedstawiciel k\u00f3\u0142 naukowych student\u00f3w i jeden przedstawiciel doktorant\u00f3w wybrany przez samorz\u0105d doktorant\u00f3w. Posiedzenia Rady Kolegium zwo\u0142ywane s\u0105 przez Dziekana, kt\u00f3ry posiedzeniom [&hellip;]<\/p>\n","protected":false},"author":1,"featured_media":0,"parent":229,"menu_order":0,"comment_status":"closed","ping_status":"closed","template":"","meta":{"_acf_changed":false,"footnotes":""},"class_list":["post-695","page","type-page","status-publish","hentry"],"acf":[],"_links":{"self":[{"href":"https:\/\/institutes.uek.krakow.pl\/gap\/wp-json\/wp\/v2\/pages\/695","targetHints":{"allow":["GET"]}}],"collection":[{"href":"https:\/\/institutes.uek.krakow.pl\/gap\/wp-json\/wp\/v2\/pages"}],"about":[{"href":"https:\/\/institutes.uek.krakow.pl\/gap\/wp-json\/wp\/v2\/types\/page"}],"author":[{"embeddable":true,"href":"https:\/\/institutes.uek.krakow.pl\/gap\/wp-json\/wp\/v2\/users\/1"}],"replies":[{"embeddable":true,"href":"https:\/\/institutes.uek.krakow.pl\/gap\/wp-json\/wp\/v2\/comments?post=695"}],"version-history":[{"count":22,"href":"https:\/\/institutes.uek.krakow.pl\/gap\/wp-json\/wp\/v2\/pages\/695\/revisions"}],"predecessor-version":[{"id":2149,"href":"https:\/\/institutes.uek.krakow.pl\/gap\/wp-json\/wp\/v2\/pages\/695\/revisions\/2149"}],"up":[{"embeddable":true,"href":"https:\/\/institutes.uek.krakow.pl\/gap\/wp-json\/wp\/v2\/pages\/229"}],"wp:attachment":[{"href":"https:\/\/institutes.uek.krakow.pl\/gap\/wp-json\/wp\/v2\/media?parent=695"}],"curies":[{"name":"wp","href":"https:\/\/api.w.org\/{rel}","templated":true}]}}