{"id":17,"date":"2025-05-15T10:13:22","date_gmt":"2025-05-15T08:13:22","guid":{"rendered":"https:\/\/institutes.uek.krakow.pl\/kenipi\/?page_id=17"},"modified":"2026-03-03T09:28:21","modified_gmt":"2026-03-03T08:28:21","slug":"o-katedrze","status":"publish","type":"page","link":"https:\/\/institutes.uek.krakow.pl\/kenipi\/o-katedrze\/","title":{"rendered":"O Katedrze"},"content":{"rendered":"\n<h3 class=\"wp-block-heading has-keif-secondary-color has-text-color has-link-color wp-elements-0b28608ab2062855e363bc38563fce2e\"><strong>Katedra Ekonomiki Nieruchomo\u015bci i Procesu Inwestycyjnego prowadzi badania naukowe, kt\u00f3re ogniskuj\u0105 si\u0119 wok\u00f3\u0142 szeroko poj\u0119tej sfery gospodarowania nieruchomo\u015bciami oraz inwestycji rzeczowych. Licz\u0105ca ponad 50 lat historia Katedry rozpocz\u0119\u0142a si\u0119 w 1970 roku kiedy z inicjatywy prof. Leszka Ka\u0142kowskiego powsta\u0142 zak\u0142ad Ekonomiki Budownictwa i Inwestycji. Powo\u0142ano r\u00f3wnie\u017c specjalno\u015b\u0107 \u201eEkonomika Budownictwa\u201d. Obecnie Kierownikiem Katedry jest prof. UEK dr hab. Bart\u0142omiej Marona.<\/strong><\/h3>\n\n\n\n<p>Wi\u0119kszo\u015b\u0107 pracownik\u00f3w Katedry, opr\u00f3cz do\u015bwiadczenia naukowo-dydaktycznego jest praktycznie zwi\u0105zana ze sfer\u0105 nieruchomo\u015bci, czego potwierdzeniem s\u0105 licencje i uprawnienia zawodowe przewidziane w Ustawie o gospodarce nieruchomo\u015bciami: po\u015brednika w obrocie nieruchomo\u015bciami, zarz\u0105dcy nieruchomo\u015bci oraz rzeczoznawcy maj\u0105tkowego. Cz\u0119\u015b\u0107 pracownik\u00f3w dzia\u0142a aktywnie na rynku nieruchomo\u015bci pe\u0142ni\u0105c rol\u0119 doradc\u00f3w, ekspert\u00f3w oraz analityk\u00f3w.<\/p>\n\n\n\n<p>Katedra wsp\u00f3\u0142pracuje z licznymi podmiotami zajmuj\u0105cymi si\u0119 sfer\u0105 nieruchomo\u015bci \u2013 zar\u00f3wno polskimi (m.in. Towarzystwo Naukowe Nieruchomo\u015bci, Ma\u0142opolskie Stowarzyszenie Po\u015brednik\u00f3w w Obrocie Nieruchomo\u015bciami, Instytut Analiz Monitor Rynku Nieruchomo\u015bci) jak i zagranicznymi (m.in. European Real Estate Society, Conseil europ\u00e9en des Professions immobili\u00e8res, American Real Estate Society ).<\/p>\n","protected":false},"excerpt":{"rendered":"<p>Katedra Ekonomiki Nieruchomo\u015bci i Procesu Inwestycyjnego prowadzi badania naukowe, kt\u00f3re ogniskuj\u0105 si\u0119 wok\u00f3\u0142 szeroko poj\u0119tej sfery gospodarowania nieruchomo\u015bciami oraz inwestycji rzeczowych. Licz\u0105ca ponad 50 lat historia Katedry rozpocz\u0119\u0142a si\u0119 w 1970 roku kiedy z inicjatywy prof. Leszka Ka\u0142kowskiego powsta\u0142 zak\u0142ad Ekonomiki Budownictwa i Inwestycji. Powo\u0142ano r\u00f3wnie\u017c specjalno\u015b\u0107 \u201eEkonomika Budownictwa\u201d. Obecnie Kierownikiem Katedry jest prof. UEK [&hellip;]<\/p>\n","protected":false},"author":1,"featured_media":0,"parent":0,"menu_order":0,"comment_status":"closed","ping_status":"closed","template":"templates\/page-blocks.php","meta":{"_acf_changed":false,"footnotes":""},"class_list":["post-17","page","type-page","status-publish","hentry"],"acf":[],"_links":{"self":[{"href":"https:\/\/institutes.uek.krakow.pl\/kenipi\/wp-json\/wp\/v2\/pages\/17","targetHints":{"allow":["GET"]}}],"collection":[{"href":"https:\/\/institutes.uek.krakow.pl\/kenipi\/wp-json\/wp\/v2\/pages"}],"about":[{"href":"https:\/\/institutes.uek.krakow.pl\/kenipi\/wp-json\/wp\/v2\/types\/page"}],"author":[{"embeddable":true,"href":"https:\/\/institutes.uek.krakow.pl\/kenipi\/wp-json\/wp\/v2\/users\/1"}],"replies":[{"embeddable":true,"href":"https:\/\/institutes.uek.krakow.pl\/kenipi\/wp-json\/wp\/v2\/comments?post=17"}],"version-history":[{"count":26,"href":"https:\/\/institutes.uek.krakow.pl\/kenipi\/wp-json\/wp\/v2\/pages\/17\/revisions"}],"predecessor-version":[{"id":3026,"href":"https:\/\/institutes.uek.krakow.pl\/kenipi\/wp-json\/wp\/v2\/pages\/17\/revisions\/3026"}],"wp:attachment":[{"href":"https:\/\/institutes.uek.krakow.pl\/kenipi\/wp-json\/wp\/v2\/media?parent=17"}],"curies":[{"name":"wp","href":"https:\/\/api.w.org\/{rel}","templated":true}]}}