{"id":17,"date":"2025-05-15T10:13:22","date_gmt":"2025-05-15T08:13:22","guid":{"rendered":"https:\/\/institutes.uek.krakow.pl\/kf\/?page_id=17"},"modified":"2026-02-26T10:44:22","modified_gmt":"2026-02-26T09:44:22","slug":"o-katedrze","status":"publish","type":"page","link":"https:\/\/institutes.uek.krakow.pl\/kf\/o-katedrze\/","title":{"rendered":"O Katedrze"},"content":{"rendered":"\n<p>Filozofia mo\u017ce by\u0107 dla uniwersytetu niewygodna. Zadaje pytania tam, gdzie wszystkim wydaje si\u0119, \u017ce znaj\u0105 ju\u017c odpowiedzi. Zamiast stosowa\u0107 znane metody, kontestuje je. Zamiast u\u017cywa\u0107 przyj\u0119tych definicji, podwa\u017ca ich sens i pyta o zasadno\u015b\u0107 samego definiowania. Filozofia patrzy nauce na r\u0119ce. Wci\u0105\u017c pr\u00f3buje my\u015ble\u0107 nad poj\u0119ciami, kt\u00f3re wydaj\u0105 si\u0119 oczywiste. Pyta: dlaczego my\u015blimy tak, jak my\u015blimy, oraz: co by si\u0119 sta\u0142o, gdyby\u015bmy my\u015bleli inaczej? I dlatego jest dla uniwersytetu niezb\u0119dna. Bo pozwala si\u0119 zatrzyma\u0107 i spojrze\u0107 na wszystko z innej perspektywy.<\/p>\n","protected":false},"excerpt":{"rendered":"<p>Filozofia mo\u017ce by\u0107 dla uniwersytetu niewygodna. Zadaje pytania tam, gdzie wszystkim wydaje si\u0119, \u017ce znaj\u0105 ju\u017c odpowiedzi. Zamiast stosowa\u0107 znane metody, kontestuje je. Zamiast u\u017cywa\u0107 przyj\u0119tych definicji, podwa\u017ca ich sens i pyta o zasadno\u015b\u0107 samego definiowania. Filozofia patrzy nauce na r\u0119ce. Wci\u0105\u017c pr\u00f3buje my\u015ble\u0107 nad poj\u0119ciami, kt\u00f3re wydaj\u0105 si\u0119 oczywiste. Pyta: dlaczego my\u015blimy tak, jak [&hellip;]<\/p>\n","protected":false},"author":1,"featured_media":0,"parent":0,"menu_order":0,"comment_status":"closed","ping_status":"closed","template":"templates\/page-blocks.php","meta":{"_acf_changed":false,"footnotes":""},"class_list":["post-17","page","type-page","status-publish","hentry"],"acf":[],"_links":{"self":[{"href":"https:\/\/institutes.uek.krakow.pl\/kf\/wp-json\/wp\/v2\/pages\/17","targetHints":{"allow":["GET"]}}],"collection":[{"href":"https:\/\/institutes.uek.krakow.pl\/kf\/wp-json\/wp\/v2\/pages"}],"about":[{"href":"https:\/\/institutes.uek.krakow.pl\/kf\/wp-json\/wp\/v2\/types\/page"}],"author":[{"embeddable":true,"href":"https:\/\/institutes.uek.krakow.pl\/kf\/wp-json\/wp\/v2\/users\/1"}],"replies":[{"embeddable":true,"href":"https:\/\/institutes.uek.krakow.pl\/kf\/wp-json\/wp\/v2\/comments?post=17"}],"version-history":[{"count":8,"href":"https:\/\/institutes.uek.krakow.pl\/kf\/wp-json\/wp\/v2\/pages\/17\/revisions"}],"predecessor-version":[{"id":187,"href":"https:\/\/institutes.uek.krakow.pl\/kf\/wp-json\/wp\/v2\/pages\/17\/revisions\/187"}],"wp:attachment":[{"href":"https:\/\/institutes.uek.krakow.pl\/kf\/wp-json\/wp\/v2\/media?parent=17"}],"curies":[{"name":"wp","href":"https:\/\/api.w.org\/{rel}","templated":true}]}}