{"id":17,"date":"2025-05-15T10:13:22","date_gmt":"2025-05-15T08:13:22","guid":{"rendered":"https:\/\/institutes.uek.krakow.pl\/kmsg\/?page_id=17"},"modified":"2026-02-16T15:07:15","modified_gmt":"2026-02-16T14:07:15","slug":"o-katedrze","status":"publish","type":"page","link":"https:\/\/institutes.uek.krakow.pl\/kmsg\/o-katedrze\/","title":{"rendered":"O Katedrze"},"content":{"rendered":"\n<h2 class=\"wp-block-heading\">Katedra Mi\u0119dzynarodowych Stosunk\u00f3w Gospodarczych<\/h2>\n\n\n\n<p>Katedra to dla nas forum wymiany my\u015bli pomi\u0119dzy kadr\u0105 naukow\u0105, a studentami, czyli przede wszystkim ludzie i nasze wzajemne relacje. Dlatego w dalszej cz\u0119\u015bci tekstu b\u0119dzie pojawia\u0107 si\u0119 s\u0142owo \u201emy\u201d \u2013 pracownicy i studenci Katedry Mi\u0119dzynarodowych Stosunk\u00f3w Gospodarczych UEK.<\/p>\n","protected":false},"excerpt":{"rendered":"<p>Katedra Mi\u0119dzynarodowych Stosunk\u00f3w Gospodarczych Katedra to dla nas forum wymiany my\u015bli pomi\u0119dzy kadr\u0105 naukow\u0105, a studentami, czyli przede wszystkim ludzie i nasze wzajemne relacje. Dlatego w dalszej cz\u0119\u015bci tekstu b\u0119dzie pojawia\u0107 si\u0119 s\u0142owo \u201emy\u201d \u2013 pracownicy i studenci Katedry Mi\u0119dzynarodowych Stosunk\u00f3w Gospodarczych UEK.<\/p>\n","protected":false},"author":1,"featured_media":0,"parent":0,"menu_order":0,"comment_status":"closed","ping_status":"closed","template":"templates\/page-blocks.php","meta":{"_acf_changed":false,"footnotes":""},"class_list":["post-17","page","type-page","status-publish","hentry"],"acf":[],"_links":{"self":[{"href":"https:\/\/institutes.uek.krakow.pl\/kmsg\/wp-json\/wp\/v2\/pages\/17","targetHints":{"allow":["GET"]}}],"collection":[{"href":"https:\/\/institutes.uek.krakow.pl\/kmsg\/wp-json\/wp\/v2\/pages"}],"about":[{"href":"https:\/\/institutes.uek.krakow.pl\/kmsg\/wp-json\/wp\/v2\/types\/page"}],"author":[{"embeddable":true,"href":"https:\/\/institutes.uek.krakow.pl\/kmsg\/wp-json\/wp\/v2\/users\/1"}],"replies":[{"embeddable":true,"href":"https:\/\/institutes.uek.krakow.pl\/kmsg\/wp-json\/wp\/v2\/comments?post=17"}],"version-history":[{"count":9,"href":"https:\/\/institutes.uek.krakow.pl\/kmsg\/wp-json\/wp\/v2\/pages\/17\/revisions"}],"predecessor-version":[{"id":2870,"href":"https:\/\/institutes.uek.krakow.pl\/kmsg\/wp-json\/wp\/v2\/pages\/17\/revisions\/2870"}],"wp:attachment":[{"href":"https:\/\/institutes.uek.krakow.pl\/kmsg\/wp-json\/wp\/v2\/media?parent=17"}],"curies":[{"name":"wp","href":"https:\/\/api.w.org\/{rel}","templated":true}]}}