{"id":225,"date":"2026-02-18T13:52:20","date_gmt":"2026-02-18T12:52:20","guid":{"rendered":"https:\/\/institutes.uek.krakow.pl\/kpeipr\/?page_id=225"},"modified":"2026-02-18T13:52:58","modified_gmt":"2026-02-18T12:52:58","slug":"praktyki-studenckie","status":"publish","type":"page","link":"https:\/\/institutes.uek.krakow.pl\/kpeipr\/studenci\/praktyki-studenckie\/","title":{"rendered":"Praktyki studenckie"},"content":{"rendered":"\n<p>Katedra Polityki Ekonomicznej i Programowania Rozwoju organizuje praktyki studenckie dla student\u00f3w Kierunku Przedsi\u0119biorczo\u015b\u0107 i Innowacje w Gospodarce<\/p>\n\n\n\n<h5 class=\"wp-block-heading\">Po wi\u0119cej informacji zapraszamy na stron\u0119 internetow\u0105 Kierunku Przedsi\u0119biorczo\u015b\u0107 i Innowacje w Gospodarce:\u00a0<a href=\"https:\/\/kierunekpig.uek.krakow.pl\" target=\"_blank\" rel=\"noreferrer noopener\">https:\/\/kierunekpig.uek.krakow.pl<\/a><\/h5>\n","protected":false},"excerpt":{"rendered":"<p>Katedra Polityki Ekonomicznej i Programowania Rozwoju organizuje praktyki studenckie dla student\u00f3w Kierunku Przedsi\u0119biorczo\u015b\u0107 i Innowacje w Gospodarce Po wi\u0119cej informacji zapraszamy na stron\u0119 internetow\u0105 Kierunku Przedsi\u0119biorczo\u015b\u0107 i Innowacje w Gospodarce:\u00a0https:\/\/kierunekpig.uek.krakow.pl<\/p>\n","protected":false},"author":1,"featured_media":0,"parent":170,"menu_order":0,"comment_status":"closed","ping_status":"closed","template":"","meta":{"_acf_changed":false,"footnotes":""},"class_list":["post-225","page","type-page","status-publish","hentry"],"acf":[],"_links":{"self":[{"href":"https:\/\/institutes.uek.krakow.pl\/kpeipr\/wp-json\/wp\/v2\/pages\/225","targetHints":{"allow":["GET"]}}],"collection":[{"href":"https:\/\/institutes.uek.krakow.pl\/kpeipr\/wp-json\/wp\/v2\/pages"}],"about":[{"href":"https:\/\/institutes.uek.krakow.pl\/kpeipr\/wp-json\/wp\/v2\/types\/page"}],"author":[{"embeddable":true,"href":"https:\/\/institutes.uek.krakow.pl\/kpeipr\/wp-json\/wp\/v2\/users\/1"}],"replies":[{"embeddable":true,"href":"https:\/\/institutes.uek.krakow.pl\/kpeipr\/wp-json\/wp\/v2\/comments?post=225"}],"version-history":[{"count":2,"href":"https:\/\/institutes.uek.krakow.pl\/kpeipr\/wp-json\/wp\/v2\/pages\/225\/revisions"}],"predecessor-version":[{"id":227,"href":"https:\/\/institutes.uek.krakow.pl\/kpeipr\/wp-json\/wp\/v2\/pages\/225\/revisions\/227"}],"up":[{"embeddable":true,"href":"https:\/\/institutes.uek.krakow.pl\/kpeipr\/wp-json\/wp\/v2\/pages\/170"}],"wp:attachment":[{"href":"https:\/\/institutes.uek.krakow.pl\/kpeipr\/wp-json\/wp\/v2\/media?parent=225"}],"curies":[{"name":"wp","href":"https:\/\/api.w.org\/{rel}","templated":true}]}}