{"id":22,"date":"2025-05-15T10:14:41","date_gmt":"2025-05-15T08:14:41","guid":{"rendered":"https:\/\/institutes.uek.krakow.pl\/kpii\/?page_id=22"},"modified":"2026-04-11T15:23:42","modified_gmt":"2026-04-11T13:23:42","slug":"kontakt","status":"publish","type":"page","link":"https:\/\/institutes.uek.krakow.pl\/kpii\/kontakt\/","title":{"rendered":"Kontakt"},"content":{"rendered":"\n<p class=\"has-background-background-color has-background\">Zapraszamy do obserwowania naszego konta na&nbsp;<a href=\"https:\/\/www.facebook.com\/kpiuek\" target=\"_blank\" rel=\"noreferrer noopener\"><strong>Facebook<\/strong><\/a>&nbsp;oraz wsp\u00f3\u0142tworzenia spo\u0142eczno\u015bci w przestrzeni wirtualnej i budowania sieci kontakt\u00f3w.<\/p>\n\n\n\n<p><\/p>\n","protected":false},"excerpt":{"rendered":"<p>Zapraszamy do obserwowania naszego konta na&nbsp;Facebook&nbsp;oraz wsp\u00f3\u0142tworzenia spo\u0142eczno\u015bci w przestrzeni wirtualnej i budowania sieci kontakt\u00f3w.<\/p>\n","protected":false},"author":1,"featured_media":0,"parent":0,"menu_order":0,"comment_status":"closed","ping_status":"closed","template":"templates\/contact.php","meta":{"_acf_changed":false,"footnotes":""},"class_list":["post-22","page","type-page","status-publish","hentry"],"acf":[],"_links":{"self":[{"href":"https:\/\/institutes.uek.krakow.pl\/kpii\/wp-json\/wp\/v2\/pages\/22","targetHints":{"allow":["GET"]}}],"collection":[{"href":"https:\/\/institutes.uek.krakow.pl\/kpii\/wp-json\/wp\/v2\/pages"}],"about":[{"href":"https:\/\/institutes.uek.krakow.pl\/kpii\/wp-json\/wp\/v2\/types\/page"}],"author":[{"embeddable":true,"href":"https:\/\/institutes.uek.krakow.pl\/kpii\/wp-json\/wp\/v2\/users\/1"}],"replies":[{"embeddable":true,"href":"https:\/\/institutes.uek.krakow.pl\/kpii\/wp-json\/wp\/v2\/comments?post=22"}],"version-history":[{"count":17,"href":"https:\/\/institutes.uek.krakow.pl\/kpii\/wp-json\/wp\/v2\/pages\/22\/revisions"}],"predecessor-version":[{"id":466,"href":"https:\/\/institutes.uek.krakow.pl\/kpii\/wp-json\/wp\/v2\/pages\/22\/revisions\/466"}],"wp:attachment":[{"href":"https:\/\/institutes.uek.krakow.pl\/kpii\/wp-json\/wp\/v2\/media?parent=22"}],"curies":[{"name":"wp","href":"https:\/\/api.w.org\/{rel}","templated":true}]}}