{"id":17,"date":"2025-05-15T10:13:22","date_gmt":"2025-05-15T08:13:22","guid":{"rendered":"https:\/\/institutes.uek.krakow.pl\/kseig\/?page_id=17"},"modified":"2026-02-24T09:46:31","modified_gmt":"2026-02-24T08:46:31","slug":"o-katedrze","status":"publish","type":"page","link":"https:\/\/institutes.uek.krakow.pl\/kseig\/o-katedrze\/","title":{"rendered":"O Katedrze"},"content":{"rendered":"\n<h2 class=\"wp-block-heading\">Katedra Studi\u00f3w Europejskich i Integracji Gospodarczej<\/h2>\n\n\n\n<p><strong>Katedra Studi\u00f3w Europejskich i Integracji Gospodarczej<\/strong>\u00a0(KSEiIG) ma wieloletni\u0105 histori\u0119. W obecnej strukturze funkcjonuje od 1 pa\u017adziernika 2020 roku z po\u0142\u0105czenia Katedry Studi\u00f3w Europejskich i Katedry Europejskiej Integracji Gospodarczej.<\/p>\n\n\n\n<p><strong>Katedra Studi\u00f3w Europejskich<\/strong>&nbsp;(KSE) zosta\u0142a powo\u0142ana w 1992 roku z inicjatywy \u00f3wczesnego Rektora Uniwersytetu Ekonomicznego w Krakowie (wtedy funkcjonuj\u0105cego pod nazw\u0105 Akademia Ekonomiczna w Krakowie), Prof. dr hab. Jerzego Miku\u0142owskiego Pomorskiego (1937-2020) i pod jego kierownictwem.<\/p>\n\n\n\n<p>Katedra Studi\u00f3w Europejskich wraz z Katedr\u0105 Nauk Politycznych wsp\u00f3lnie prowadzi\u0142y kierunek: \u201eStosunki mi\u0119dzynarodowe\u201d oferuj\u0105c m. in. specjalno\u015b\u0107 \u201dPolityka i komunikacja\u201d. Zaj\u0119cia na tej specjalno\u015bci prowadzili g\u0142\u00f3wnie pracownicy KSE, nauczyciele akademiccy posiadaj\u0105cy wykszta\u0142cenie interdyscyplinarne. Opr\u00f3cz ekonomii legitymowali si\u0119 oni dyplomami z zakresu prawa, stosunk\u00f3w mi\u0119dzynarodowych, politologii, filologii oraz socjologii. Program specjalno\u015bci koncentrowa\u0142 si\u0119 na analizie zjawisk i proces\u00f3w spo\u0142eczno-gospodarczych w wymiarze mi\u0119dzynarodowym, ze szczeg\u00f3lnym uwzgl\u0119dnieniem rynk\u00f3w energii, ochrony zdrowia, ochrony \u015brodowiska oraz rozwoju pa\u0144stw Ameryki \u0141aci\u0144skiej, Afryki i Azji. Szczeg\u00f3lny nacisk po\u0142o\u017cono na rozwijanie kompetencji z zakresu komunikacji mi\u0119dzykulturowej oraz j\u0119zyk\u00f3w obcych. Cz\u0119\u015b\u0107 zaj\u0119\u0107 prowadzona by\u0142a w j\u0119zyku angielskim, r\u00f3wnie\u017c z udzia\u0142em zewn\u0119trznych, zagranicznych i krajowych, ekspert\u00f3w i praktyk\u00f3w. Wielu student\u00f3w wyje\u017cd\u017ca\u0142o na wymiany i sta\u017ce zagraniczne, a tak\u017ce bra\u0142o udzia\u0142 w mi\u0119dzynarodowych projektach badawczych.<\/p>\n\n\n\n<p>W pa\u017adzierniku 2007 roku kierownictwo KSE przej\u0105\u0142 prof. UEK dr hab. Aleksander Surdej, kt\u00f3ry od 2016 do 2023 roku pe\u0142ni\u0142 funkcj\u0119 Ambasadora RP przy OECD w Pary\u017cu, natomiast od pa\u017adziernika 2023 pe\u0142ni funkcj\u0119 Ambasadora RP w Wietnamie.<\/p>\n\n\n\n<p>Przy KSE od 1996 roku pr\u0119\u017cnie dzia\u0142a\u0142o ko\u0142o naukowe UNIVERSUM, kt\u00f3re decyzj\u0105 swoich cz\u0142onk\u00f3w w momencie reformy uczelni afiliowa\u0142o si\u0119 przy Katedrze Studi\u00f3w Europejskich i Integracji Gospodarczej.<\/p>\n\n\n\n<hr class=\"wp-block-separator has-alpha-channel-opacity\"\/>\n\n\n\n<p><strong>Katedra Europejskiej Integracji Gospodarczej<\/strong>&nbsp;(KEIG) powsta\u0142a w 2003 roku w zwi\u0105zku z post\u0119puj\u0105cym procesem integracji Polski z Uni\u0105 Europejsk\u0105 i zapotrzebowaniem na wysokokwalifikowanych specjalist\u00f3w z tej dziedziny. Katedra powsta\u0142a z inicjatywy i pod kierunkiem Prof. dr hab. Heleny Tendera-W\u0142aszczuk. W 2003 roku uruchomiono kierunek studi\u00f3w \u201eEuropeistyka\u201d. Specjali\u015bci posiadaj\u0105cy unikalne w\u00f3wczas kwalifikacje \u0142\u0105cz\u0105ce wiedz\u0119 o Unii Europejskiej ze znajomo\u015bci\u0105 zagadnie\u0144 dotycz\u0105cych gospodarczych aspekt\u00f3w funkcjonowania kraj\u00f3w unijnych oraz proces\u00f3w integracji mieli ogromne mo\u017cliwo\u015bci na rynku pracy.<\/p>\n\n\n\n<p>Katedra otrzyma\u0142a granty Komisji Europejskiej na prowadzenie studi\u00f3w: w 2003 roku grant Katedra Jean Monnet (<em>Jean Monnet chair<\/em>), a w 2006 roku Centrum Doskona\u0142o\u015bci Jean Monnet (<em>Jean Monnet Centre of Excellence<\/em>). Zar\u00f3wno Katedra Jean Monnet jak i Centre of Excellence Jean Monnet s\u0105 elementami presti\u017cowego Projektu Jean Monnet, kt\u00f3ry adresowany jest do uniwersytet\u00f3w w krajach cz\u0142onkowskich Unii Europejskiej, krajach kandyduj\u0105cych oraz do uczelni wy\u017cszych z pozosta\u0142ych kraj\u00f3w, kt\u00f3re zainteresowane s\u0105 rozwojem nowych dzia\u0142a\u0144 edukacyjnych i bada\u0144 naukowych w zakresie integracji europejskiej. Program wspomaga dzia\u0142ania ekspert\u00f3w zajmuj\u0105cych si\u0119 t\u0105 problematyk\u0105, maj\u0105cych bogate do\u015bwiadczenie dydaktyczne i naukowe w badaniach nad procesami europejskiej integracji gospodarczej, chc\u0105cych podejmowa\u0107 dalsze inicjatywy dydaktyczne i naukowe. G\u0142\u00f3wnym celem programu jest tworzenie trwa\u0142ych struktur zajmuj\u0105cych si\u0119 nauczaniem integracji europejskiej i wprowadzanie nowych przedmiot\u00f3w z tego zakresu do oferty dydaktycznej i program\u00f3w edukacji uniwersyteckiej. Projekt umo\u017cliwia w\u0142\u0105czenie do mi\u0119dzynarodowej sieci Jean Monnet i ECSA (European Community Studies Association) naukowc\u00f3w i instytucji uniwersyteckich.<\/p>\n\n\n\n<hr class=\"wp-block-separator has-alpha-channel-opacity\"\/>\n\n\n\n<p>Pracownicy Katedry posiadaj\u0105 wykszta\u0142cenie interdyscyplinarne. Opr\u00f3cz ekonomii legitymuj\u0105 si\u0119 oni dyplomami z zakresu prawa, stosunk\u00f3w mi\u0119dzynarodowych i politologii. W ramach Katedry zorganizowano szereg konferencji na temat integracji europejskiej oraz zasad i mechanizm\u00f3w funkcjonowania UE. Kadra badawczo-dydaktyczna Katedry opublikowa\u0142a r\u00f3wnie\u017c szereg ksi\u0105\u017cek o tej tematyce, m.in.<\/p>\n\n\n\n<ul class=\"wp-block-list\">\n<li>European Union: Ten Years after the Lisbon Treaty, (2020)<\/li>\n\n\n\n<li>Wybrane polityki Unii Europejskiej, (2020)<\/li>\n\n\n\n<li>Pi\u0119tna\u015bcie lat cz\u0142onkostwa Polski w Unii Europejskiej, (2020)<\/li>\n\n\n\n<li>Aktualna kondycja integracji europejskiej w obliczu wyzwa\u0144 zewn\u0119trznych i wewn\u0119trznych, (2019)<\/li>\n\n\n\n<li>Nowe perspektywy integracji europejskiej w obliczu wyzwa\u0144 i zagro\u017ce\u0144, (2017)<\/li>\n\n\n\n<li>Nowe wyzwania integracji europejskiej, (2016)<\/li>\n\n\n\n<li>Nowe pa\u0144stwa cz\u0142onkowskie w Unii Europejskiej \u2013 diagnoza i perspektywy, (2015)<\/li>\n\n\n\n<li>Kryzys Unii czy kryzys w Unii?, (2014)<\/li>\n\n\n\n<li>Analiza i ocena polskiej prezydencji w Radzie Unii Europejskiej, (2013)<\/li>\n\n\n\n<li>Unia Europejska po Traktacie Lizbo\u0144skim. Wybrane zagadnienia prawne, ekonomiczne i politologiczne, (2012)<\/li>\n\n\n\n<li>Stabilno\u015b\u0107 finans\u00f3w publicznych pa\u0144stw Unii Europejskiej w obliczu kryzysu zad\u0142u\u017ceniowego, (2011)<\/li>\n\n\n\n<li>Polityka spo\u0142eczna Unii Europejskiej po wschodnim rozszerzeniu, (2010)<\/li>\n\n\n\n<li>Global Financial Crisis and Euro Zone Enlargement, (2009)<\/li>\n\n\n\n<li>Bariery integracji europejskiej, (2009).<\/li>\n<\/ul>\n\n\n\n<p>W roku akademickim&nbsp; 2018\/19&nbsp; oraz&nbsp; 2019\/20 Katedr\u0105 Europejskiej Integracji Gospodarczej kierowa\u0142 Prof. UEK dr hab. Rafa\u0142 Prostak. Gdy w pa\u017adzierniku 2020 roku dosz\u0142o do podzia\u0142u Katedry Studi\u00f3w Europejskich i po\u0142\u0105czenia jej cz\u0119\u015bci z Katedr\u0105 Europejskiej Integracji Gospodarczej, kierownikiem nowoutworzonej jednostki \u2013 Katedry Studi\u00f3w Europejskich i Integracji Gospodarczej zosta\u0142 Prof. UEK dr hab. Jan Brzozowski.<\/p>\n\n\n\n<p>Od roku akademickiego &nbsp;2022\/23 roku Katedr\u0105 Studi\u00f3w Europejskich i Integracji Gospodarczej kieruje Prof. UEK dr hab. Joanna Garli\u0144ska-Bielawska.<\/p>\n","protected":false},"excerpt":{"rendered":"<p>Katedra Studi\u00f3w Europejskich i Integracji Gospodarczej Katedra Studi\u00f3w Europejskich i Integracji Gospodarczej\u00a0(KSEiIG) ma wieloletni\u0105 histori\u0119. W obecnej strukturze funkcjonuje od 1 pa\u017adziernika 2020 roku z po\u0142\u0105czenia Katedry Studi\u00f3w Europejskich i Katedry Europejskiej Integracji Gospodarczej. Katedra Studi\u00f3w Europejskich&nbsp;(KSE) zosta\u0142a powo\u0142ana w 1992 roku z inicjatywy \u00f3wczesnego Rektora Uniwersytetu Ekonomicznego w Krakowie (wtedy funkcjonuj\u0105cego pod nazw\u0105 Akademia [&hellip;]<\/p>\n","protected":false},"author":1,"featured_media":0,"parent":0,"menu_order":0,"comment_status":"closed","ping_status":"closed","template":"","meta":{"_acf_changed":false,"footnotes":""},"class_list":["post-17","page","type-page","status-publish","hentry"],"acf":[],"_links":{"self":[{"href":"https:\/\/institutes.uek.krakow.pl\/kseig\/wp-json\/wp\/v2\/pages\/17","targetHints":{"allow":["GET"]}}],"collection":[{"href":"https:\/\/institutes.uek.krakow.pl\/kseig\/wp-json\/wp\/v2\/pages"}],"about":[{"href":"https:\/\/institutes.uek.krakow.pl\/kseig\/wp-json\/wp\/v2\/types\/page"}],"author":[{"embeddable":true,"href":"https:\/\/institutes.uek.krakow.pl\/kseig\/wp-json\/wp\/v2\/users\/1"}],"replies":[{"embeddable":true,"href":"https:\/\/institutes.uek.krakow.pl\/kseig\/wp-json\/wp\/v2\/comments?post=17"}],"version-history":[{"count":6,"href":"https:\/\/institutes.uek.krakow.pl\/kseig\/wp-json\/wp\/v2\/pages\/17\/revisions"}],"predecessor-version":[{"id":2353,"href":"https:\/\/institutes.uek.krakow.pl\/kseig\/wp-json\/wp\/v2\/pages\/17\/revisions\/2353"}],"wp:attachment":[{"href":"https:\/\/institutes.uek.krakow.pl\/kseig\/wp-json\/wp\/v2\/media?parent=17"}],"curies":[{"name":"wp","href":"https:\/\/api.w.org\/{rel}","templated":true}]}}